{"id":7,"date":"2019-03-20T19:04:12","date_gmt":"2019-03-20T19:04:12","guid":{"rendered":"http:\/\/planeteinformatique.vrdis.fr\/?page_id=7"},"modified":"2019-03-20T22:27:02","modified_gmt":"2019-03-20T22:27:02","slug":"notre-metier","status":"publish","type":"page","link":"http:\/\/planeteinformatique.vrdis.fr\/?page_id=7","title":{"rendered":"Notre m\u00e9tier"},"content":{"rendered":"\n<p style=\"font-size:26px\" class=\"has-text-color has-white-color\">Vous souhaitez changer votre vision de l&rsquo;informatique sur Bourg en Bresse et la r\u00e9gion ? <\/p>\n\n\n\n<p class=\"has-text-color has-medium-black-color\">Venez tester notre qualit\u00e9 d&rsquo;\u00e9coute et nos <strong>gammes de PC neufs,<\/strong>  \u00e0 la marque ou assembl\u00e9s. Quelque soit le produit informatique ou  p\u00e9riph\u00e9rique souhait\u00e9, nous vous prodiguerons le conseil ad\u00e9quat. Vous d\u00e9sirez choisir vous-m\u00eame les composants de votre future machine, <strong>nous vous l\u2019int\u00e9grerons<\/strong> avec les composants souhait\u00e9s.<\/p>\n\n\n\n<p style=\"font-size:23px\" class=\"has-text-color has-white-color\">R<strong>\u00e9paration de mat\u00e9riels et p\u00e9riph\u00e9riques informatiques<\/strong>. <\/p>\n\n\n\n<p class=\"has-text-color has-medium-black-color\"><strong>Plan\u00e8te Informatique<\/strong>  r\u00e9pare et met \u00e0 niveau tout mat\u00e9riel informatique quelque soit la  marque ou le mod\u00e8le: r\u00e9paration suite \u00e0 une attaque virale, remplacement  d&rsquo;\u00e9l\u00e9ments d\u00e9fectueux, installation d&rsquo;un nouvel OS(Windows), <strong>r\u00e9cup\u00e9ration de vos donn\u00e9es&#8230;&#8230;<\/strong>Quelque soit votre probl\u00e9matique, nous vous proposerons un de nos forfaits avec le<strong> meilleur rapport qualit\u00e9 prix de la r\u00e9gion.<\/strong><\/p>\n\n\n\n<p class=\"has-text-color has-medium-black-color\">Passez au magasin, l&rsquo;informatique ne sera plus un souci pour vous !<br><\/p>\n\n\n\n<p style=\"font-size:23px\" class=\"has-text-color has-white-color\">Vente de mat\u00e9riel, assemblage, assistance informatique<\/p>\n\n\n\n<p class=\"has-text-color has-medium-black-color\">Sauvegardes, antivirus, antimalwares, nous vous conseillons sur la marche \u00e0 suivre.<\/p>\n\n\n\n<p style=\"font-size:26px\" class=\"has-text-color has-white-color\"><\/p>\n\n\n\n<p style=\"font-size:26px\" class=\"has-text-color has-white-color\">Maintenance et mise \u00e0 niveau informatique<\/p>\n\n\n\n<p class=\"has-text-color has-medium-black-color\">**Les antivirus   **Les suites bureautiques  **Les logicels photos  **Vos outils de sauvegarde<\/p>\n\n\n\n<p style=\"font-size:26px\" class=\"has-text-color has-white-color\">Assemblage de PC<\/p>\n\n\n\n<p class=\"has-text-color has-gold-color\">Pour votre machine de r\u00eave, choisissez: <\/p>\n\n\n\n<p class=\"has-text-color has-medium-black-color\">Votre carte m\u00e8re<\/p>\n\n\n\n<p class=\"has-text-color has-gold-color\">votre processeur<\/p>\n\n\n\n<p class=\"has-text-color has-medium-black-color\">votre carte graphique<\/p>\n\n\n\n<p class=\"has-text-color has-gold-color\">ainsi que le reste des \u00e9l\u00e9ments&#8230;<\/p>\n\n\n\n<p class=\"has-text-color has-red-color\">Nous assemblons la machine de vos r\u00eaves rapidement&#8230;.Ensuite ENJOY, Profitez !!!!<\/p>\n\n\n\n<p><\/p>\n","protected":false},"excerpt":{"rendered":"<p>Vous souhaitez changer votre vision de l&rsquo;informatique sur Bourg en Bresse et la r\u00e9gion ? Venez tester notre qualit\u00e9 d&rsquo;\u00e9coute et nos gammes de PC neufs, \u00e0 la marque ou<a href=\"http:\/\/planeteinformatique.vrdis.fr\/?page_id=7\" class=\"more-link\"><span class=\"readmore\">Voir plus<span class=\"screen-reader-text\">Notre m\u00e9tier<\/span><\/span><\/a><\/p>\n","protected":false},"author":1,"featured_media":0,"parent":0,"menu_order":0,"comment_status":"closed","ping_status":"closed","template":"","meta":[],"_links":{"self":[{"href":"http:\/\/planeteinformatique.vrdis.fr\/index.php?rest_route=\/wp\/v2\/pages\/7"}],"collection":[{"href":"http:\/\/planeteinformatique.vrdis.fr\/index.php?rest_route=\/wp\/v2\/pages"}],"about":[{"href":"http:\/\/planeteinformatique.vrdis.fr\/index.php?rest_route=\/wp\/v2\/types\/page"}],"author":[{"embeddable":true,"href":"http:\/\/planeteinformatique.vrdis.fr\/index.php?rest_route=\/wp\/v2\/users\/1"}],"replies":[{"embeddable":true,"href":"http:\/\/planeteinformatique.vrdis.fr\/index.php?rest_route=%2Fwp%2Fv2%2Fcomments&post=7"}],"version-history":[{"count":32,"href":"http:\/\/planeteinformatique.vrdis.fr\/index.php?rest_route=\/wp\/v2\/pages\/7\/revisions"}],"predecessor-version":[{"id":96,"href":"http:\/\/planeteinformatique.vrdis.fr\/index.php?rest_route=\/wp\/v2\/pages\/7\/revisions\/96"}],"wp:attachment":[{"href":"http:\/\/planeteinformatique.vrdis.fr\/index.php?rest_route=%2Fwp%2Fv2%2Fmedia&parent=7"}],"curies":[{"name":"wp","href":"https:\/\/api.w.org\/{rel}","templated":true}]}}